{"id":96,"date":"2011-05-24T11:59:05","date_gmt":"2011-05-24T09:59:05","guid":{"rendered":"http:\/\/109.73.165.49\/~barsebac\/port\/?page_id=7"},"modified":"2025-04-01T10:58:52","modified_gmt":"2025-04-01T08:58:52","slug":"forskolan","status":"publish","type":"page","link":"https:\/\/www.barsebacks-montessori.se\/port\/forskolan\/","title":{"rendered":"Forskolan"},"content":{"rendered":"\n<div style=\"height:25px\" aria-hidden=\"true\" class=\"wp-block-spacer\"><\/div>\n\n\n\n<h4 class=\"wp-block-heading has-text-color\" style=\"color:#8b0000\">F\u00f6rskolan<\/h4>\n\n\n\n<p>F\u00f6rskolans verksamhet finns i Barseb\u00e4cks by, i n\u00e4rheten av Barseb\u00e4cks kyrka. H\u00e4r g\u00e5r ca 100 barn i \u00e5ldrarna 1,5-6 \u00e5r. Barnen \u00e4r indelade i sex grupper, tre yngre- och tre \u00e4ldrebarnsavdelningar. De yngre barnen \u00e4r 11 barn per grupp och de \u00e4ldre barnen \u00e4r 22 barn per grupp. Oavsett \u00e5lder vistas v\u00e5ra barn mycket utomhus d\u00e4r de f\u00e5r m\u00f6jlighet att uppt\u00e4cka naturen, ta hand om milj\u00f6n, utforska sina motoriska f\u00f6rm\u00e5gor och de yngre barnen sover dessutom utomhus i sina vagnar, \u00e5ret om.<br \/>F\u00f6r oss \u00e4r det viktigt att v\u00e5ra barn, med hj\u00e4lp av montessoripedagogiken, ges chans att uppt\u00e4cka och pr\u00f6va milj\u00f6n med st\u00f6d fr\u00e5n pedagogen som ger barnet r\u00e4tt f\u00f6ruts\u00e4ttningar. Stor vikt l\u00e4ggs vid trygghet, sj\u00e4lvst\u00e4ndighet och nyfikenhet som i sin tur skapar m\u00f6jligheter f\u00f6r en god kunskapsinh\u00e4mtning.<\/p>\n\n\n\n<figure class=\"wp-block-image aligncenter size-thumbnail is-style-rounded\"><img decoding=\"async\" width=\"150\" height=\"150\" src=\"https:\/\/barsebacks-montessori.se\/port\/wp-content\/uploads\/2020\/02\/JPG-1-150x150.jpg\" alt=\"\" class=\"wp-image-2526\"\/><\/figure>\n\n\n\n<p>Alla sex grupper har mycket gemensamma aktiviteter f\u00f6r att st\u00e4rka gemenskapen mellan grupperna. B\u00e5de de \u00e4ldre och de yngre ses utomhus varje dag f\u00f6r lekar och aktiviteter i form av tabata, s\u00e5nglekar och andra gruppst\u00e4rkande aktiviteter.<br \/>F\u00f6rutom den v\u00e4lplanerade montessorimilj\u00f6n som anpassats efter barnens \u00e5lder och storlek, arbetar b\u00e5de de yngre och de \u00e4ldre barnen mycket med milj\u00f6fr\u00e5gor genom Gr\u00f6n Flagg-arbetet.<br \/>Pedagogerna f\u00f6rbereder \u00e4ven barnen p\u00e5 den digitala v\u00e4rld som pr\u00e4glar v\u00e5rt samh\u00e4lle genom att digitala tekniker blir en del av de olika temaomr\u00e5den som grupperna arbetar med under terminerna.<\/p>\n\n\n\n<div style=\"height:41px\" aria-hidden=\"true\" class=\"wp-block-spacer\"><\/div>\n\n\n\n<p><strong class=\"has-text-color\" style=\"color:#8b0000\">Yngre barn<\/strong><br \/>Bland de yngre barnen handlar det fr\u00e4mst om att skapa trygghet bland gruppen och i den n\u00e4rliggande milj\u00f6n.<br \/>En grundtanke inom montessoripedagogiken \u00e4r att l\u00e4ra barnet att vara sj\u00e4lvst\u00e4ndig och n\u00e4r det handlar om det lilla barnet, best\u00e5r d\u00e4rf\u00f6r mycket av dagarnas aktiviteter av praktiska vardags\u00f6vningar s\u00e5som; p\u00e5- och avkl\u00e4dning, att duka, vattna blommor, plocka undan och ta hand om materialen som finns p\u00e5 avdelningen.<br \/>F\u00f6rutom de praktiska vardags\u00f6vningarna utg\u00f6r de yngre barnens dagar av motorisk f\u00e4rdighetstr\u00e4ning i form av att b\u00e4ra, lyfta, h\u00e4lla, h\u00e4nga, klippa mm.<br \/>&nbsp;<\/p>\n\n\n\n<figure class=\"wp-block-image aligncenter size-full is-style-rounded\"><img fetchpriority=\"high\" decoding=\"async\" width=\"350\" height=\"233\" src=\"http:\/\/barsebacks-montessori.se\/port\/wp-content\/uploads\/2020\/02\/Barseb\u00e4ckMontessori-37-1.jpg\" alt=\"\" class=\"wp-image-2533\" title=\"En dag p\u00e5 f\u00f6rskolan\" srcset=\"http:\/\/barsebacks-montessori.se\/port\/wp-content\/uploads\/2020\/02\/Barseb\u00e4ckMontessori-37-1.jpg 350w, http:\/\/barsebacks-montessori.se\/port\/wp-content\/uploads\/2020\/02\/Barseb\u00e4ckMontessori-37-1-300x200.jpg 300w\" sizes=\"(max-width: 350px) 100vw, 350px\" \/><\/figure>\n\n\n\n<div style=\"height:35px\" aria-hidden=\"true\" class=\"wp-block-spacer\"><\/div>\n\n\n\n<p><strong class=\"has-text-color\" style=\"color:#8b0000\">\u00c4ldre barn<\/strong><br \/>De \u00e4ldre barnen har oftast l\u00e4rt sig att v\u00e4lja fritt bland montessorimaterialet och deras milj\u00f6 \u00e4r v\u00e4l f\u00f6rberedd med det sensoriska, matematiska, kulturella och spr\u00e5kliga montessorimaterialet samt praktiska vardags\u00f6vningar. Pedagogen finns till hands f\u00f6r att visa, v\u00e4gleda och st\u00f6tta barnen, men med f\u00f6rsiktighet s\u00e5 att barnets koncentration inte st\u00f6rs och att hen ist\u00e4llet f\u00e5r chans att arbeta ost\u00f6rt och tr\u00e4nar p\u00e5 s\u00e5 vis sin sj\u00e4lvdiciplin.<br \/>F\u00f6rmiddagarna bland de \u00e4ldre barnen utg\u00f6rs fr\u00e4mst av arbetspass d\u00e4r barnens behov och lust styr och eftermiddagarna spenderas ute p\u00e5 den fina och v\u00e4l f\u00f6rberedda skolg\u00e5rden.<\/p>\n\n\n\n<figure class=\"wp-block-image aligncenter size-full is-style-rounded\"><img decoding=\"async\" width=\"350\" height=\"233\" src=\"http:\/\/barsebacks-montessori.se\/port\/wp-content\/uploads\/2020\/02\/Barseb\u00e4ckMontessori-28-1.jpg\" alt=\"\" class=\"wp-image-2535\" srcset=\"http:\/\/barsebacks-montessori.se\/port\/wp-content\/uploads\/2020\/02\/Barseb\u00e4ckMontessori-28-1.jpg 350w, http:\/\/barsebacks-montessori.se\/port\/wp-content\/uploads\/2020\/02\/Barseb\u00e4ckMontessori-28-1-300x200.jpg 300w\" sizes=\"(max-width: 350px) 100vw, 350px\" \/><\/figure>\n","protected":false},"excerpt":{"rendered":"<p>F\u00f6rskolan F\u00f6rskolans verksamhet finns i Barseb\u00e4cks by, i n\u00e4rheten av Barseb\u00e4cks kyrka. H\u00e4r g\u00e5r ca 100 barn i \u00e5ldrarna 1,5-6 \u00e5r. Barnen \u00e4r indelade i sex grupper, tre yngre- och tre \u00e4ldrebarnsavdelningar. De yngre barnen \u00e4r 11 barn per grupp och de \u00e4ldre barnen \u00e4r 22 barn per grupp. Oavsett \u00e5lder vistas v\u00e5ra barn mycket [&hellip;]<\/p>\n","protected":false},"author":4,"featured_media":0,"parent":0,"menu_order":2,"comment_status":"closed","ping_status":"closed","template":"","meta":{"footnotes":""},"class_list":["post-96","page","type-page","status-publish","hentry"],"_links":{"self":[{"href":"https:\/\/www.barsebacks-montessori.se\/port\/wp-json\/wp\/v2\/pages\/96","targetHints":{"allow":["GET"]}}],"collection":[{"href":"https:\/\/www.barsebacks-montessori.se\/port\/wp-json\/wp\/v2\/pages"}],"about":[{"href":"https:\/\/www.barsebacks-montessori.se\/port\/wp-json\/wp\/v2\/types\/page"}],"author":[{"embeddable":true,"href":"https:\/\/www.barsebacks-montessori.se\/port\/wp-json\/wp\/v2\/users\/4"}],"replies":[{"embeddable":true,"href":"https:\/\/www.barsebacks-montessori.se\/port\/wp-json\/wp\/v2\/comments?post=96"}],"version-history":[{"count":66,"href":"https:\/\/www.barsebacks-montessori.se\/port\/wp-json\/wp\/v2\/pages\/96\/revisions"}],"predecessor-version":[{"id":4000,"href":"https:\/\/www.barsebacks-montessori.se\/port\/wp-json\/wp\/v2\/pages\/96\/revisions\/4000"}],"wp:attachment":[{"href":"https:\/\/www.barsebacks-montessori.se\/port\/wp-json\/wp\/v2\/media?parent=96"}],"curies":[{"name":"wp","href":"https:\/\/api.w.org\/{rel}","templated":true}]}}