{"id":94,"date":"2011-05-24T09:02:29","date_gmt":"2011-05-24T07:02:29","guid":{"rendered":"http:\/\/109.73.165.49\/~barsebac\/port\/?page_id=2"},"modified":"2025-04-02T21:02:57","modified_gmt":"2025-04-02T19:02:57","slug":"skolan","status":"publish","type":"page","link":"https:\/\/www.barsebacks-montessori.se\/port\/skolan\/","title":{"rendered":"Skolan"},"content":{"rendered":"\n<div style=\"height:32px\" aria-hidden=\"true\" class=\"wp-block-spacer\"><\/div>\n\n\n\n<h4 class=\"wp-block-heading has-text-color\" style=\"color:#8b0000\">Skolan<\/h4>\n\n\n\n<p><strong class=\"has-text-color\" style=\"color:#8b0000\">Grundskolan F-9<\/strong><br \/>Skolans verksamhet ligger l\u00e4ngs med Barseb\u00e4cksv\u00e4gen i utkanten av Barseb\u00e4cks by, 10 minuters promenad fr\u00e5n f\u00f6rskolan. H\u00e4r g\u00e5r drygt 200 elever i \u00e5ldrarna 6-16 \u00e5r f\u00f6rdelat \u00f6ver 10 klasser F-9.<\/p>\n\n\n\n<p>Skolan l\u00e4gger stor vikt vid att skapa en trygg och rofylld arbetsmilj\u00f6 d\u00e4r varje enskild individ ska ges m\u00f6jlighet att n\u00e5 de resultat som de \u00f6nskar. I de yngre \u00e5ldrarna \u00e4r milj\u00f6n noga f\u00f6rberedd i linje med hur f\u00f6rskolan arbetat med eleverna och pedagogerna hj\u00e4lper eleverna att planera sina skoluppgifter med hj\u00e4lp av veckoplaneringar och individuella planeringar. I takt med att eleverna blir \u00e4ldre och deras f\u00f6rm\u00e5ga att planera sina veckouppgifter blir mer automatiserat, ges eleverna st\u00f6rre utrymme att v\u00e4lja fritt fr\u00e5n material och arbetsuppgifter som ryms inom ramen f\u00f6r vad kursplanen erbjuder.<\/p>\n\n\n\n<p>P\u00e5 l\u00e5gstadiet har eleverna tillg\u00e5ng till Ipads och andra digitala hj\u00e4lpmedel och material. Fr\u00e5n \u00e5rskurs tre arbetar eleverna digitalt med de flesta skol\u00e4mnena och har en egen dator som arbetsredskap.<\/p>\n\n\n\n<p>Skolan l\u00e4gger stor vikt vid milj\u00f6- och h\u00e4lsofr\u00e5gor d\u00e4r Gr\u00f6n Flagg genomsyrar v\u00e5r verksamhet och h\u00e4lsa och v\u00e4lm\u00e5ende \u00e4r h\u00f6gt prioriterade m\u00e5l. F\u00f6rutom att v\u00e5ra elever sitter med i elevr\u00e5d och matr\u00e5d, har vi ocks\u00e5 h\u00e4lsor\u00e5d och milj\u00f6r\u00e5d d\u00e4r representanter fr\u00e5n klasserna f\u00e5r vara med och p\u00e5verka beslut som r\u00f6r skolan och f\u00f6rskolans verksamhet.<\/p>\n\n\n\n<div style=\"height:10px\" aria-hidden=\"true\" class=\"wp-block-spacer\"><\/div>\n\n\n\n<div class=\"wp-block-columns is-layout-flex wp-container-core-columns-is-layout-1 wp-block-columns-is-layout-flex\">\n<div class=\"wp-block-column is-style-rounded is-layout-flow wp-block-column-is-layout-flow\">\n<figure class=\"wp-block-image aligncenter size-full is-resized is-style-rounded\"><img decoding=\"async\" width=\"225\" height=\"150\" src=\"http:\/\/barsebacks-montessori.se\/port\/wp-content\/uploads\/2020\/02\/Barseb\u00e4ckMontessori-77-e1580823833269.jpg\" alt=\"\" class=\"wp-image-2524\" style=\"width:256px\"\/><\/figure>\n<\/div>\n\n\n\n<div class=\"wp-block-column is-layout-flow wp-block-column-is-layout-flow\">\n<figure class=\"wp-block-image aligncenter size-thumbnail is-style-rounded\"><img decoding=\"async\" width=\"150\" height=\"150\" src=\"https:\/\/barsebacks-montessori.se\/port\/wp-content\/uploads\/2020\/02\/Barseb\u00e4ckMontessori-55-150x150.jpg\" alt=\"\" class=\"wp-image-2519\" title=\"En dag p\u00e5 grundskolan\"\/><\/figure>\n<\/div>\n\n\n\n<div class=\"wp-block-column is-layout-flow wp-block-column-is-layout-flow\">\n<figure class=\"wp-block-image aligncenter size-large is-resized is-style-rounded\"><img fetchpriority=\"high\" decoding=\"async\" width=\"1024\" height=\"683\" src=\"http:\/\/barsebacks-montessori.se\/port\/wp-content\/uploads\/2020\/02\/Barseb\u00e4ckMontessori-58-1024x683.jpg\" alt=\"\" class=\"wp-image-2521\" style=\"width:256px;height:171px\" srcset=\"http:\/\/barsebacks-montessori.se\/port\/wp-content\/uploads\/2020\/02\/Barseb\u00e4ckMontessori-58-1024x683.jpg 1024w, http:\/\/barsebacks-montessori.se\/port\/wp-content\/uploads\/2020\/02\/Barseb\u00e4ckMontessori-58-300x200.jpg 300w, http:\/\/barsebacks-montessori.se\/port\/wp-content\/uploads\/2020\/02\/Barseb\u00e4ckMontessori-58-768x512.jpg 768w, http:\/\/barsebacks-montessori.se\/port\/wp-content\/uploads\/2020\/02\/Barseb\u00e4ckMontessori-58-450x300.jpg 450w, http:\/\/barsebacks-montessori.se\/port\/wp-content\/uploads\/2020\/02\/Barseb\u00e4ckMontessori-58.jpg 2048w\" sizes=\"(max-width: 1024px) 100vw, 1024px\" \/><\/figure>\n<\/div>\n<\/div>\n\n\n\n<div style=\"height:10px\" aria-hidden=\"true\" class=\"wp-block-spacer\"><\/div>\n\n\n\n<p><strong class=\"has-text-color\" style=\"color:#8b0000\">Kunskapssmedja<\/strong><br \/>Efter skoltid, erbjuder skolan kunskapssmedja f\u00f6r eleverna d\u00e4r det ges m\u00f6jlighet att stanna kvar efter skolan och antingen f\u00f6rdjupa sig inom n\u00e5got skol\u00e4mne eller f\u00e5 hj\u00e4lp med n\u00e5gon skoluppgift. L\u00e5gstadiet har en gemensam kunskapssmedja, mellanstadiet en och h\u00f6gstadiet en. F\u00f6rutom extra st\u00f6d fr\u00e5n l\u00e4rare och specialpedagoger, ges \u00e4ven utrymme f\u00f6r samarbete \u00f6ver \u00e5rskurserna.<\/p>\n\n\n\n<div style=\"height:19px\" aria-hidden=\"true\" class=\"wp-block-spacer\"><\/div>\n\n\n\n<p><strong class=\"has-text-color\" style=\"color:#8b0000\">Fritids F-5<\/strong><br \/>Fritidsverksamheten omfattar ca 100 barn i \u00e5ldrarna 6-13 och har \u00f6ppet mellan 7.15-8.15 samt fr\u00e5n 13.30 till 17.00 varje dag. Fritidsverksamheten utg\u00e5r fr\u00e5n l\u00e4roplanen och erbjuder dagligen olika aktiviteter f\u00f6r barnen.<\/p>\n\n\n\n<div style=\"height:36px\" aria-hidden=\"true\" class=\"wp-block-spacer\"><\/div>\n\n\n\n<h2 class=\"wp-block-heading\"><\/h2>\n\n\n\n<p><\/p>\n","protected":false},"excerpt":{"rendered":"<p>Skolan Grundskolan F-9Skolans verksamhet ligger l\u00e4ngs med Barseb\u00e4cksv\u00e4gen i utkanten av Barseb\u00e4cks by, 10 minuters promenad fr\u00e5n f\u00f6rskolan. H\u00e4r g\u00e5r drygt 200 elever i \u00e5ldrarna 6-16 \u00e5r f\u00f6rdelat \u00f6ver 10 klasser F-9. Skolan l\u00e4gger stor vikt vid att skapa en trygg och rofylld arbetsmilj\u00f6 d\u00e4r varje enskild individ ska ges m\u00f6jlighet att n\u00e5 de resultat [&hellip;]<\/p>\n","protected":false},"author":4,"featured_media":0,"parent":0,"menu_order":3,"comment_status":"closed","ping_status":"closed","template":"","meta":{"footnotes":""},"class_list":["post-94","page","type-page","status-publish","hentry"],"_links":{"self":[{"href":"https:\/\/www.barsebacks-montessori.se\/port\/wp-json\/wp\/v2\/pages\/94","targetHints":{"allow":["GET"]}}],"collection":[{"href":"https:\/\/www.barsebacks-montessori.se\/port\/wp-json\/wp\/v2\/pages"}],"about":[{"href":"https:\/\/www.barsebacks-montessori.se\/port\/wp-json\/wp\/v2\/types\/page"}],"author":[{"embeddable":true,"href":"https:\/\/www.barsebacks-montessori.se\/port\/wp-json\/wp\/v2\/users\/4"}],"replies":[{"embeddable":true,"href":"https:\/\/www.barsebacks-montessori.se\/port\/wp-json\/wp\/v2\/comments?post=94"}],"version-history":[{"count":49,"href":"https:\/\/www.barsebacks-montessori.se\/port\/wp-json\/wp\/v2\/pages\/94\/revisions"}],"predecessor-version":[{"id":4268,"href":"https:\/\/www.barsebacks-montessori.se\/port\/wp-json\/wp\/v2\/pages\/94\/revisions\/4268"}],"wp:attachment":[{"href":"https:\/\/www.barsebacks-montessori.se\/port\/wp-json\/wp\/v2\/media?parent=94"}],"curies":[{"name":"wp","href":"https:\/\/api.w.org\/{rel}","templated":true}]}}