{"id":84,"date":"2011-08-08T12:39:52","date_gmt":"2011-08-08T10:39:52","guid":{"rendered":"http:\/\/109.73.165.49\/~barsebac\/port\/?page_id=84"},"modified":"2025-04-01T11:02:03","modified_gmt":"2025-04-01T09:02:03","slug":"koanmalan","status":"publish","type":"page","link":"https:\/\/www.barsebacks-montessori.se\/port\/koanmalan\/","title":{"rendered":"Koanmalan"},"content":{"rendered":"\n<div style=\"height:32px\" aria-hidden=\"true\" class=\"wp-block-spacer\"><\/div>\n\n\n\n<h2 class=\"wp-block-heading has-text-color\" style=\"color:#8b0000\">K\u00f6anm\u00e4lan<\/h2>\n\n\n\n<p>Varje \u00e5r tar vi in ett antal nya barn till f\u00f6rskola och f\u00f6rskoleklass, enligt v\u00e5r k\u00f6lista.&nbsp;Fyll i uppgifterna nedan. V\u00e4lkommen med din ans\u00f6kan.<\/p>\n\n\n\n\t\t\t<div class=\"ccf-form-wrapper form-id-1080\" data-form-id=\"1080\">\n\t\t\t\t<form  class=\"ccf-form ccf-theme-default\" method=\"post\" action=\"?v=1777612943\" data-form-id=\"1080\">\n\n\t\t\t\t\t\t\t\t\t\t\t\t\t\t\t\t\n\t\t\t\t\t\n\t\t\t\t\t\n\t\t<div data-field-type=\"single-line-text\" data-field-slug=\"1_barnnamn\" class=\"form-group  field 1_barnnamn field-type-single-line-text field-3828  field-required\">\n\t\t\t<label class=\"main-label\" for=\"ccf_field_1_barnnamn\">\n\t\t\t\t<span class=\"required\">*<\/span>\t\t\t\tBarnets namn\t\t\t<\/label>\n\t\t\t<input class=\"form-control  field-input\" required aria-required=\"true\" type=\"text\" name=\"ccf_field_1_barnnamn\" id=\"ccf_field_1_barnnamn\" placeholder=\"\" value=\"\">\n\n\t\t\t\n\t\t\t\t\t<\/div>\n\n\t\t\n\t\t<div data-field-type=\"single-line-text\" data-field-slug=\"1_barnestpersonnummer\" class=\"form-group  field 1_barnestpersonnummer field-type-single-line-text field-3829  field-required\">\n\t\t\t<label class=\"main-label\" for=\"ccf_field_1_barnestpersonnummer\">\n\t\t\t\t<span class=\"required\">*<\/span>\t\t\t\tBarnets personnummer (YYMMDD-NNNN)\t\t\t<\/label>\n\t\t\t<input class=\"form-control  field-input\" required aria-required=\"true\" type=\"text\" name=\"ccf_field_1_barnestpersonnummer\" id=\"ccf_field_1_barnestpersonnummer\" placeholder=\"\" value=\"\">\n\n\t\t\t\n\t\t\t\t\t<\/div>\n\n\t\t\n\t\t<div data-field-type=\"paragraph-text\" data-field-slug=\"1_vardnadshavares_namn\" class=\"form-group  field 1_vardnadshavares_namn field-type-paragraph-text field-3830  field-required\">\n\t\t\t<label class=\"main-label\" for=\"ccf_field_1_vardnadshavares_namn\">\n\t\t\t\t<span class=\"required\">*<\/span>\t\t\t\tV\u00e5rdnadshavares namn (vid gemensam v\u00e5rdnad ange b\u00e5das namn)\t\t\t<\/label>\n\t\t\t<textarea class=\"form-control  field-input\" required aria-required=\"true\" name=\"ccf_field_1_vardnadshavares_namn\" id=\"ccf_field_1_vardnadshavares_namn\" placeholder=\"\"><\/textarea>\n\n\t\t\t\n\t\t\t\t\t<\/div>\n\n\t\t\n\t\t<div data-field-type=\"single-line-text\" data-field-slug=\"1_gatuadress\" class=\"form-group  field 1_gatuadress field-type-single-line-text field-3831  field-required\">\n\t\t\t<label class=\"main-label\" for=\"ccf_field_1_gatuadress\">\n\t\t\t\t<span class=\"required\">*<\/span>\t\t\t\tGatuadress\t\t\t<\/label>\n\t\t\t<input class=\"form-control  field-input\" required aria-required=\"true\" type=\"text\" name=\"ccf_field_1_gatuadress\" id=\"ccf_field_1_gatuadress\" placeholder=\"\" value=\"\">\n\n\t\t\t\n\t\t\t\t\t<\/div>\n\n\t\t\n\t\t<div data-field-type=\"single-line-text\" data-field-slug=\"1_postadress\" class=\"form-group  field 1_postadress field-type-single-line-text field-3832  field-required\">\n\t\t\t<label class=\"main-label\" for=\"ccf_field_1_postadress\">\n\t\t\t\t<span class=\"required\">*<\/span>\t\t\t\tPostadress\t\t\t<\/label>\n\t\t\t<input class=\"form-control  field-input\" required aria-required=\"true\" type=\"text\" name=\"ccf_field_1_postadress\" id=\"ccf_field_1_postadress\" placeholder=\"\" value=\"\">\n\n\t\t\t\n\t\t\t\t\t<\/div>\n\n\t\t\n\t\t<div data-field-type=\"single-line-text\" data-field-slug=\"1_telefonnummer\" class=\"form-group  field 1_telefonnummer field-type-single-line-text field-3833  field-required\">\n\t\t\t<label class=\"main-label\" for=\"ccf_field_1_telefonnummer\">\n\t\t\t\t<span class=\"required\">*<\/span>\t\t\t\tTelefonnummer\t\t\t<\/label>\n\t\t\t<input class=\"form-control  field-input\" required aria-required=\"true\" type=\"text\" name=\"ccf_field_1_telefonnummer\" id=\"ccf_field_1_telefonnummer\" placeholder=\"\" value=\"\">\n\n\t\t\t\n\t\t\t\t\t<\/div>\n\n\t\t\n\t\t<div data-field-type=\"single-line-text\" data-field-slug=\"1_epost\" class=\"form-group  field 1_epost field-type-single-line-text field-3834  \">\n\t\t\t<label class=\"main-label\" for=\"ccf_field_1_epost\">\n\t\t\t\t\t\t\t\tE-postadress\t\t\t<\/label>\n\t\t\t<input class=\"form-control  field-input\"  type=\"text\" name=\"ccf_field_1_epost\" id=\"ccf_field_1_epost\" placeholder=\"\" value=\"\">\n\n\t\t\t\n\t\t\t\t\t<\/div>\n\n\t\t\n\t\t<div data-field-type=\"checkboxes\" data-field-slug=\"1_koanmalan\" class=\"form-group  field 1_koanmalan field-type-checkboxes field-3835  field-required\">\n\t\t\t<label class=\"main-label\" for=\"ccf_field_1_koanmalan\">\n\t\t\t\t<span class=\"required\">*<\/span>\t\t\t\tK\u00f6anm\u00e4lan g\u00e4ller\t\t\t<\/label>\n\t\t\t\t\t\t\t<div class=\"choice checkbox\">\n\t\t\t\t\t<label><input class=\"field-input\" name=\"ccf_field_1_koanmalan[]\" type=\"checkbox\"  value=\"F\u00f6rskolan (100 kr\/\u00e5r)\"> <span>F\u00f6rskolan (100 kr\/\u00e5r)<\/span><\/label>\n\t\t\t\t<\/div>\n\t\t\t\t\t\t\t<div class=\"choice checkbox\">\n\t\t\t\t\t<label><input class=\"field-input\" name=\"ccf_field_1_koanmalan[]\" type=\"checkbox\"  value=\"Grundskolan, \u00e5rskurs F-9 (avgiftsfri)\"> <span>Grundskolan, \u00e5rskurs F-9 (avgiftsfri)<\/span><\/label>\n\t\t\t\t<\/div>\n\t\t\t\n\t\t\t\n\t\t\t\t\t<\/div>\n\n\t\t\n\t\t<div data-field-type=\"checkboxes\" data-field-slug=\"1_angralagring\" class=\"form-group  field 1_angralagring field-type-checkboxes field-3838  field-required\">\n\t\t\t<label class=\"main-label\" for=\"ccf_field_1_angralagring\">\n\t\t\t\t<span class=\"required\">*<\/span>\t\t\t\tGodk\u00e4nner lagring av mina uppgifter f\u00f6r k\u00f6hantering. Vid \u00e5ngring av samtycke raderas mina uppgifter.\t\t\t<\/label>\n\t\t\t\t\t\t\t<div class=\"choice checkbox\">\n\t\t\t\t\t<label><input class=\"field-input\" name=\"ccf_field_1_angralagring[]\" type=\"checkbox\"  value=\"Godk\u00e4nn\"> <span>Godk\u00e4nn<\/span><\/label>\n\t\t\t\t<\/div>\n\t\t\t\n\t\t\t\n\t\t\t\t\t<\/div>\n\n\t\t\n\t\t<div data-field-type=\"paragraph-text\" data-field-slug=\"1_upplysningar\" class=\"form-group  field 1_upplysningar field-type-paragraph-text field-3840  \">\n\t\t\t<label class=\"main-label\" for=\"ccf_field_1_upplysningar\">\n\t\t\t\t\t\t\t\t\u00d6vriga upplysningar\t\t\t<\/label>\n\t\t\t<textarea class=\"form-control  field-input\"  name=\"ccf_field_1_upplysningar\" id=\"ccf_field_1_upplysningar\" placeholder=\"\"><\/textarea>\n\n\t\t\t\n\t\t\t\t\t<\/div>\n\n\t\t\n\t\t\t\t\t<div class=\"form-submit \">\n\t\t\t\t\t\t<input type=\"submit\" class=\"btn btn-primary ccf-submit-button\" value=\"Skicka\">\n\t\t\t\t\t\t<img decoding=\"async\" class=\"loading-img\" src=\"https:\/\/www.barsebacks-montessori.se\/port\/wp-admin\/images\/wpspin_light.gif\">\n\t\t\t\t\t<\/div>\n\n\t\t\t\t\t<script type=\"text\/javascript\">\n\t\t\t\t\twindow.wp = window.wp || {};\n\t\t\t\t\twp.ccf = wp.ccf || {};\n\t\t\t\t\twp.ccf.conditionals = wp.ccf.conditionals || [];\n\t\t\t\t\twp.ccf.conditionals[1080] = [];\n\t\t\t\t\t<\/script>\n\n\t\t\t\t\t<input type=\"hidden\" name=\"form_id\" value=\"1080\">\n\t\t\t\t\t<input type=\"hidden\" name=\"form_page\" value=\"https:\/\/www.barsebacks-montessori.se\/port\/port\/wp-json\/wp\/v2\/pages\/84\">\n\t\t\t\t\t<input type=\"text\" name=\"my_information\" style=\"display: none;\">\n\t\t\t\t\t<input type=\"hidden\"  name=\"ccf_form\" value=\"1\">\n\t\t\t\t\t<input type=\"hidden\" name=\"form_nonce\" value=\"4363a69a62\">\n\t\t\t\t<\/form>\n\n\t\t\t\t<iframe class=\"ccf-form-frame\" id=\"ccf_form_frame_1080\" name=\"ccf_form_frame_1080\"><\/iframe>\n\t\t\t<\/div>\n\n\t\t\t\n","protected":false},"excerpt":{"rendered":"<p>K\u00f6anm\u00e4lan Varje \u00e5r tar vi in ett antal nya barn till f\u00f6rskola och f\u00f6rskoleklass, enligt v\u00e5r k\u00f6lista.&nbsp;Fyll i uppgifterna nedan. V\u00e4lkommen med din ans\u00f6kan.<\/p>\n","protected":false},"author":4,"featured_media":0,"parent":0,"menu_order":6,"comment_status":"closed","ping_status":"closed","template":"","meta":{"footnotes":""},"class_list":["post-84","page","type-page","status-publish","hentry"],"_links":{"self":[{"href":"https:\/\/www.barsebacks-montessori.se\/port\/wp-json\/wp\/v2\/pages\/84","targetHints":{"allow":["GET"]}}],"collection":[{"href":"https:\/\/www.barsebacks-montessori.se\/port\/wp-json\/wp\/v2\/pages"}],"about":[{"href":"https:\/\/www.barsebacks-montessori.se\/port\/wp-json\/wp\/v2\/types\/page"}],"author":[{"embeddable":true,"href":"https:\/\/www.barsebacks-montessori.se\/port\/wp-json\/wp\/v2\/users\/4"}],"replies":[{"embeddable":true,"href":"https:\/\/www.barsebacks-montessori.se\/port\/wp-json\/wp\/v2\/comments?post=84"}],"version-history":[{"count":15,"href":"https:\/\/www.barsebacks-montessori.se\/port\/wp-json\/wp\/v2\/pages\/84\/revisions"}],"predecessor-version":[{"id":4005,"href":"https:\/\/www.barsebacks-montessori.se\/port\/wp-json\/wp\/v2\/pages\/84\/revisions\/4005"}],"wp:attachment":[{"href":"https:\/\/www.barsebacks-montessori.se\/port\/wp-json\/wp\/v2\/media?parent=84"}],"curies":[{"name":"wp","href":"https:\/\/api.w.org\/{rel}","templated":true}]}}