{"id":690,"date":"2013-01-15T15:21:30","date_gmt":"2013-01-15T14:21:30","guid":{"rendered":"http:\/\/www.barsebacks-montessori.se\/port\/?page_id=690"},"modified":"2026-01-15T16:37:46","modified_gmt":"2026-01-15T15:37:46","slug":"kalender","status":"publish","type":"page","link":"https:\/\/www.barsebacks-montessori.se\/port\/kalender\/","title":{"rendered":"Aktuellt"},"content":{"rendered":"\n<div style=\"height:32px\" aria-hidden=\"true\" class=\"wp-block-spacer\"><\/div>\n\n\n\n<h4 class=\"wp-block-heading has-text-color\" style=\"color:#8b0000\">Aktuellt<\/h4>\n\n\n\n<p class=\"has-text-color has-link-color wp-elements-cf0460faf0cd016b58e7b55dc107a578\" style=\"color:#8b0000\">V\u00e5rterminen 2026<\/p>\n\n\n\n<ul class=\"wp-block-list\">\n<li>Terminsstart 12 januari<\/li>\n\n\n\n<li>Sportlov 16 &#8211; 20 februari<\/li>\n\n\n\n<li>P\u00e5sklov 30 mars &#8211; 6 april<\/li>\n\n\n\n<li>Studiedag 7 april<\/li>\n\n\n\n<li>Helgdag 1 maj<\/li>\n\n\n\n<li>Kristi himmelsf\u00e4rdsdag 14 maj<\/li>\n\n\n\n<li>Lovdag \/st\u00e4ngdag 15 maj<\/li>\n\n\n\n<li>Avslutningsdag 10 juni<\/li>\n<\/ul>\n\n\n\n<p class=\"has-text-color has-link-color wp-elements-a3a3f8f8005551e6cd2aedc90ac8feaf\" style=\"color:#8b0000\">F\u00f6rskolan\/Fritids \u00e4r st\u00e4ngda f\u00f6r kompetensutveckling<\/p>\n\n\n\n<ul class=\"wp-block-list\">\n<li>16 februari 2026<\/li>\n\n\n\n<li>15 maj 2026<\/li>\n\n\n\n<li>12 juni 2026<\/li>\n<\/ul>\n","protected":false},"excerpt":{"rendered":"<p>Aktuellt V\u00e5rterminen 2026 F\u00f6rskolan\/Fritids \u00e4r st\u00e4ngda f\u00f6r kompetensutveckling<\/p>\n","protected":false},"author":4,"featured_media":0,"parent":0,"menu_order":0,"comment_status":"closed","ping_status":"closed","template":"","meta":{"footnotes":""},"class_list":["post-690","page","type-page","status-publish","hentry"],"_links":{"self":[{"href":"https:\/\/www.barsebacks-montessori.se\/port\/wp-json\/wp\/v2\/pages\/690","targetHints":{"allow":["GET"]}}],"collection":[{"href":"https:\/\/www.barsebacks-montessori.se\/port\/wp-json\/wp\/v2\/pages"}],"about":[{"href":"https:\/\/www.barsebacks-montessori.se\/port\/wp-json\/wp\/v2\/types\/page"}],"author":[{"embeddable":true,"href":"https:\/\/www.barsebacks-montessori.se\/port\/wp-json\/wp\/v2\/users\/4"}],"replies":[{"embeddable":true,"href":"https:\/\/www.barsebacks-montessori.se\/port\/wp-json\/wp\/v2\/comments?post=690"}],"version-history":[{"count":50,"href":"https:\/\/www.barsebacks-montessori.se\/port\/wp-json\/wp\/v2\/pages\/690\/revisions"}],"predecessor-version":[{"id":4385,"href":"https:\/\/www.barsebacks-montessori.se\/port\/wp-json\/wp\/v2\/pages\/690\/revisions\/4385"}],"wp:attachment":[{"href":"https:\/\/www.barsebacks-montessori.se\/port\/wp-json\/wp\/v2\/media?parent=690"}],"curies":[{"name":"wp","href":"https:\/\/api.w.org\/{rel}","templated":true}]}}