{"id":65,"date":"2011-05-25T20:30:15","date_gmt":"2011-05-25T18:30:15","guid":{"rendered":"http:\/\/109.73.165.49\/~barsebac\/port\/?page_id=65"},"modified":"2025-03-31T14:27:40","modified_gmt":"2025-03-31T12:27:40","slug":"kontakta-oss","status":"publish","type":"page","link":"https:\/\/www.barsebacks-montessori.se\/port\/kontakta-oss\/","title":{"rendered":"Kontakt"},"content":{"rendered":"\n<h4 class=\"wp-block-heading has-text-color\" style=\"color:#8b0000\">Kontakt<\/h4>\n\n\n\n<p>Du \u00e4r alltid v\u00e4lkommen att bes\u00f6ka oss om du \u00e4r nyfiken p\u00e5 verksamheten. Ring g\u00e4rna f\u00f6rst s\u00e5 bokar vi en tid.&nbsp;F\u00f6rskolan finns inne i Barseb\u00e4cks by, precis intill kyrkan. Grundskolan ligger i de \u00f6stra delarna av byns utkant.<\/p>\n\n\n\n<h5 class=\"wp-block-heading has-text-color\" style=\"color:#8b0000\">Telefonnummer<\/h5>\n\n\n\n<p><strong>F\u00f6rskolan<\/strong><br \/>046-15 66 51&nbsp;&nbsp;&nbsp;&nbsp;&nbsp;&nbsp;&nbsp;&nbsp;&nbsp;&nbsp;&nbsp;&nbsp;&nbsp;&nbsp;&nbsp;&nbsp;&nbsp;&nbsp;&nbsp; Flodh\u00e4sten<br \/>046-15 66 52&nbsp;&nbsp;&nbsp;&nbsp;&nbsp;&nbsp;&nbsp;&nbsp;&nbsp;&nbsp;&nbsp;&nbsp;&nbsp;&nbsp;&nbsp;&nbsp;&nbsp;&nbsp;&nbsp; Zebran<br \/>046-15 66 53&nbsp;&nbsp;&nbsp;&nbsp;&nbsp;&nbsp;&nbsp;&nbsp;&nbsp;&nbsp;&nbsp;&nbsp;&nbsp;&nbsp;&nbsp;&nbsp;&nbsp;&nbsp;&nbsp; Elefanten<br \/>046-15 66 54&nbsp;&nbsp;&nbsp;&nbsp;&nbsp;&nbsp;&nbsp;&nbsp;&nbsp;&nbsp;&nbsp;&nbsp;&nbsp;&nbsp;&nbsp;&nbsp;&nbsp;&nbsp;&nbsp; Expedition<br \/>046-15 66 55&nbsp;&nbsp;&nbsp;&nbsp;&nbsp;&nbsp;&nbsp;&nbsp;&nbsp;&nbsp;&nbsp;&nbsp;&nbsp;&nbsp;&nbsp;&nbsp;&nbsp;&nbsp;&nbsp; Giraffen<br \/>046-15 66 56&nbsp;&nbsp;&nbsp;&nbsp;&nbsp;&nbsp;&nbsp;&nbsp;&nbsp;&nbsp;&nbsp;&nbsp;&nbsp;&nbsp;&nbsp;&nbsp;&nbsp;&nbsp;&nbsp; Lejonet<br \/>046-15 66 57&nbsp; &nbsp; &nbsp; &nbsp; &nbsp; &nbsp; &nbsp; &nbsp; &nbsp; &nbsp; Krokodilen<\/p>\n\n\n\n<p><strong>Skolan<\/strong><br \/>046-15 66 60&nbsp;&nbsp;&nbsp;&nbsp;&nbsp;&nbsp;&nbsp;&nbsp;&nbsp;&nbsp;&nbsp;&nbsp;&nbsp;&nbsp;&nbsp;&nbsp;&nbsp;&nbsp;&nbsp; Expedition<br \/>046-15 66 61&nbsp;&nbsp;&nbsp;&nbsp;&nbsp;&nbsp;&nbsp;&nbsp;&nbsp;&nbsp;&nbsp;&nbsp;&nbsp;&nbsp;&nbsp;&nbsp;&nbsp;&nbsp;&nbsp; Fritids<br \/>046 15 66 62&nbsp;&nbsp;&nbsp;&nbsp;&nbsp;&nbsp;&nbsp;&nbsp;&nbsp;&nbsp;&nbsp;&nbsp;&nbsp;&nbsp;&nbsp;&nbsp;&nbsp;&nbsp;&nbsp; Specialpedagog &amp; \u00e5k F-3<br \/>046-15 66 63&nbsp;&nbsp;&nbsp;&nbsp;&nbsp;&nbsp;&nbsp;&nbsp;&nbsp;&nbsp;&nbsp;&nbsp;&nbsp;&nbsp;&nbsp;&nbsp;&nbsp;&nbsp;&nbsp; Sjuksk\u00f6terska<br \/>046-15 66 65&nbsp;&nbsp;&nbsp;&nbsp;&nbsp;&nbsp;&nbsp;&nbsp;&nbsp;&nbsp;&nbsp;&nbsp;&nbsp;&nbsp;&nbsp;&nbsp;&nbsp;&nbsp;&nbsp; K\u00f6ket<\/p>\n\n\n\n<h5 class=\"wp-block-heading has-text-color\" style=\"color:#8b0000\">Bes\u00f6ks- och postadress<\/h5>\n\n\n\n<p><strong>Grundskolan<\/strong><br \/>Barseb\u00e4cks Montessori<br \/>Maria Montessoris v\u00e4g 2<br \/>246 57 Barseb\u00e4ck<\/p>\n\n\n\n<p><strong>F\u00f6rskolan<\/strong><br \/>Barseb\u00e4cks Montessori<br \/>L\u00f6ddev\u00e4gen 2<br \/>246 57 Barseb\u00e4ck<\/p>\n\n\n\n<h5 class=\"wp-block-heading has-text-color\" style=\"color:#8b0000\">E-post<\/h5>\n\n\n\n<p><strong>Skolledning<\/strong><br \/><a href=\"ma&#105;&#108;&#116;&#x6f;&#x3a;&#x72;&#x65;&#x6b;to&#114;&#64;&#98;&#x61;&#x72;&#x73;&#x65;&#x62;ac&#107;&#115;&#45;&#x6d;&#x6f;&#x6e;&#x74;&#x65;ss&#111;&#114;&#105;&#x2e;&#x73;&#x65;\">&#x52;&#x65;&#107;t&#x6f;&#x72;&#64;&#98;a&#x72;&#x73;&#101;&#98;a&#x63;&#x6b;&#115;-m&#x6f;&#x6e;&#116;e&#x73;&#x73;&#111;&#114;i&#x2e;&#x73;&#101;<\/a><\/p>\n\n\n\n<p><strong>Skolan:<\/strong><br \/><a href=\"mai&#108;&#116;&#111;&#x3a;&#x66;&#x72;&#x65;&#x64;&#x72;ik&#64;&#98;&#97;&#114;&#115;&#x65;&#x62;&#x61;&#x63;&#x6b;&#x73;-mo&#110;&#116;&#101;&#x73;&#x73;&#x6f;&#x72;&#x69;&#x2e;se\">&#70;&#x72;e&#100;&#x72;i&#107;&#x40;b&#97;&#x72;s&#101;&#x62;a&#99;&#x6b;s&#45;&#x6d;o&#110;&#x74;e&#115;&#x73;o&#114;&#x69;&#46;&#115;&#x65;<\/a><br \/><a href=\"&#109;&#x61;&#x69;l&#116;&#x6f;:&#107;&#x61;t&#97;&#x72;i&#110;&#x61;&#x2e;&#104;&#x61;&#x6b;a&#110;&#x73;s&#111;&#x6e;&#64;&#98;&#x61;&#x72;&#115;&#x65;&#x62;a&#99;&#x6b;s&#45;&#x6d;o&#110;&#x74;e&#115;&#x73;&#x6f;&#114;&#x69;&#x2e;s&#101;\">&#x4b;&#97;&#x74;&#x61;r&#x69;&#110;a&#x2e;&#104;a&#x6b;&#97;&#x6e;&#x73;s&#x6f;&#110;&#64;&#x62;&#97;r&#x73;&#101;&#x62;&#x61;&#99;&#x6b;&#x73;-&#x6d;&#111;n&#x74;&#101;s&#x73;&#111;&#x72;&#x69;&#46;&#x73;&#101;<\/a><br \/><a href=\"&#109;&#97;&#x69;l&#116;&#x6f;&#x3a;s&#104;&#x76;&#x40;b&#97;&#x72;&#x73;e&#98;&#x61;&#x63;k&#115;&#x2d;&#x6d;o&#110;&#x74;e&#115;&#115;&#x6f;r&#105;&#x2e;&#x73;e\">&#83;&#x68;&#118;&#x40;&#98;&#x61;&#114;&#x73;e&#x62;a&#x63;k&#x73;-&#109;&#x6f;&#110;&#x74;&#101;&#x73;&#115;&#x6f;&#114;&#x69;&#46;&#x73;e<\/a><\/p>\n\n\n\n<p><strong>F\u00f6rskolan:<\/strong><br \/><a href=\"mailto:i&#110;&#103;&#101;&#114;&#64;&#98;&#97;&#114;&#115;&#101;&#x62;&#x61;&#x63;&#x6b;&#x73;&#x2d;&#x6d;&#x6f;&#x6e;&#x74;&#x65;&#x73;&#x73;&#x6f;&#x72;i&#46;se\">Inger&#64;barseb&#97;&#99;&#107;&#115;&#45;&#109;&#111;&#110;&#116;&#101;&#115;&#115;&#111;&#114;&#105;&#x2e;&#x73;&#x65;<\/a><\/p>\n","protected":false},"excerpt":{"rendered":"<p>Kontakt Du \u00e4r alltid v\u00e4lkommen att bes\u00f6ka oss om du \u00e4r nyfiken p\u00e5 verksamheten. Ring g\u00e4rna f\u00f6rst s\u00e5 bokar vi en tid.&nbsp;F\u00f6rskolan finns inne i Barseb\u00e4cks by, precis intill kyrkan. Grundskolan ligger i de \u00f6stra delarna av byns utkant. Telefonnummer F\u00f6rskolan046-15 66 51&nbsp;&nbsp;&nbsp;&nbsp;&nbsp;&nbsp;&nbsp;&nbsp;&nbsp;&nbsp;&nbsp;&nbsp;&nbsp;&nbsp;&nbsp;&nbsp;&nbsp;&nbsp;&nbsp; Flodh\u00e4sten046-15 66 52&nbsp;&nbsp;&nbsp;&nbsp;&nbsp;&nbsp;&nbsp;&nbsp;&nbsp;&nbsp;&nbsp;&nbsp;&nbsp;&nbsp;&nbsp;&nbsp;&nbsp;&nbsp;&nbsp; Zebran046-15 66 53&nbsp;&nbsp;&nbsp;&nbsp;&nbsp;&nbsp;&nbsp;&nbsp;&nbsp;&nbsp;&nbsp;&nbsp;&nbsp;&nbsp;&nbsp;&nbsp;&nbsp;&nbsp;&nbsp; Elefanten046-15 66 54&nbsp;&nbsp;&nbsp;&nbsp;&nbsp;&nbsp;&nbsp;&nbsp;&nbsp;&nbsp;&nbsp;&nbsp;&nbsp;&nbsp;&nbsp;&nbsp;&nbsp;&nbsp;&nbsp; Expedition046-15 66 55&nbsp;&nbsp;&nbsp;&nbsp;&nbsp;&nbsp;&nbsp;&nbsp;&nbsp;&nbsp;&nbsp;&nbsp;&nbsp;&nbsp;&nbsp;&nbsp;&nbsp;&nbsp;&nbsp; [&hellip;]<\/p>\n","protected":false},"author":4,"featured_media":395,"parent":0,"menu_order":7,"comment_status":"closed","ping_status":"closed","template":"","meta":{"footnotes":""},"class_list":["post-65","page","type-page","status-publish","has-post-thumbnail","hentry"],"_links":{"self":[{"href":"https:\/\/www.barsebacks-montessori.se\/port\/wp-json\/wp\/v2\/pages\/65","targetHints":{"allow":["GET"]}}],"collection":[{"href":"https:\/\/www.barsebacks-montessori.se\/port\/wp-json\/wp\/v2\/pages"}],"about":[{"href":"https:\/\/www.barsebacks-montessori.se\/port\/wp-json\/wp\/v2\/types\/page"}],"author":[{"embeddable":true,"href":"https:\/\/www.barsebacks-montessori.se\/port\/wp-json\/wp\/v2\/users\/4"}],"replies":[{"embeddable":true,"href":"https:\/\/www.barsebacks-montessori.se\/port\/wp-json\/wp\/v2\/comments?post=65"}],"version-history":[{"count":103,"href":"https:\/\/www.barsebacks-montessori.se\/port\/wp-json\/wp\/v2\/pages\/65\/revisions"}],"predecessor-version":[{"id":3967,"href":"https:\/\/www.barsebacks-montessori.se\/port\/wp-json\/wp\/v2\/pages\/65\/revisions\/3967"}],"wp:featuredmedia":[{"embeddable":true,"href":"https:\/\/www.barsebacks-montessori.se\/port\/wp-json\/wp\/v2\/media\/395"}],"wp:attachment":[{"href":"https:\/\/www.barsebacks-montessori.se\/port\/wp-json\/wp\/v2\/media?parent=65"}],"curies":[{"name":"wp","href":"https:\/\/api.w.org\/{rel}","templated":true}]}}