{"id":5,"date":"2011-08-15T17:13:04","date_gmt":"2011-08-15T15:13:04","guid":{"rendered":"http:\/\/192.168.0.69:8080\/wordpress\/?page_id=5"},"modified":"2026-01-15T16:46:28","modified_gmt":"2026-01-15T15:46:28","slug":"valkommen","status":"publish","type":"page","link":"https:\/\/www.barsebacks-montessori.se\/port\/","title":{"rendered":""},"content":{"rendered":"\t\t<div data-elementor-type=\"wp-page\" data-elementor-id=\"5\" class=\"elementor elementor-5\">\n\t\t\t\t\t\t<section class=\"elementor-section elementor-top-section elementor-element elementor-element-aac698d elementor-section-boxed elementor-section-height-default elementor-section-height-default\" data-id=\"aac698d\" data-element_type=\"section\">\n\t\t\t\t\t\t<div class=\"elementor-container elementor-column-gap-default\">\n\t\t\t\t\t<div class=\"elementor-column elementor-col-100 elementor-top-column elementor-element elementor-element-2af87ab\" data-id=\"2af87ab\" data-element_type=\"column\">\n\t\t\t<div class=\"elementor-widget-wrap elementor-element-populated\">\n\t\t\t\t\t\t<div class=\"elementor-element elementor-element-138e112 elementor-widget elementor-widget-text-editor\" data-id=\"138e112\" data-element_type=\"widget\" data-widget_type=\"text-editor.default\">\n\t\t\t\t<div class=\"elementor-widget-container\">\n\t\t\t\t\t\t\t\t\t<div class=\"wp-block-spacer\" style=\"height: 30px;\" aria-hidden=\"true\">\u00a0<\/div>\n<p><!-- \/wp:spacer --><!-- wp:heading {\"textAlign\":\"center\",\"level\":4,\"style\":{\"color\":{\"text\":\"#8b0000\"},\"typography\":{\"fontSize\":\"40px\"}}} --><\/p>\n<h4 class=\"wp-block-heading has-text-align-center has-text-color\" style=\"color: #8b0000; font-size: 40px;\"><strong>V\u00e4lkommen till den personliga skolan med den h\u00f6ga kunskapsniv\u00e5n<\/strong><\/h4>\n<p><!-- \/wp:heading --><!-- wp:spacer {\"height\":\"27px\"} --><\/p>\n<div class=\"wp-block-spacer\" style=\"height: 27px;\" aria-hidden=\"true\">\u00a0<\/div>\n<p><!-- \/wp:spacer --><!-- wp:paragraph {\"style\":{\"spacing\":{\"padding\":{\"top\":\"0\",\"bottom\":\"0\",\"left\":\"0\",\"right\":\"0\"}}},\"fontFamily\":\"source-serif-pro\"} --><\/p>\n<p class=\"has-source-serif-pro-font-family\" style=\"padding: 0;\">Barseb\u00e4cks Montessori \u00e4r en friskola med ca 330 elever i f\u00f6rskola, grundskola och fritids.<br \/>V\u00e5rt arbetss\u00e4tt f\u00f6ljer barnet genom hela skoltiden, fr\u00e5n yngrebarnsavdelningarna i f\u00f6rskolan till \u00e5rskurs nio.<br \/>Med utg\u00e5ngspunkt i varje elevs individuella f\u00f6ruts\u00e4ttningar ser vi till att alla utvecklas och utmanas f\u00f6r att g\u00f6ra sitt b\u00e4sta, med tydliga m\u00e5l och en stark tro om att lyckas!<\/p>\n<p><!-- \/wp:paragraph --><!-- wp:paragraph {\"fontFamily\":\"source-serif-pro\"} --><\/p>\n<p class=\"has-source-serif-pro-font-family\">Pedagogerna p\u00e5 v\u00e5r skola \u00e4r h\u00f6gt utbildade och arbetar efter Montessoripedagogiken och Maria Montessoris grundtanke som lyder \u201chj\u00e4lp mig att hj\u00e4lpa mig sj\u00e4lv\u201d.<\/p>\n<p><!-- \/wp:paragraph --><!-- wp:spacer {\"height\":\"23px\"} --><\/p>\n<div class=\"wp-block-spacer\" style=\"height: 23px;\" aria-hidden=\"true\">\u00a0<\/div>\n<p><!-- \/wp:spacer --><!-- wp:columns --><\/p>\n<div class=\"wp-block-columns\">\n<p><!-- wp:column {\"style\":{\"border\":{\"width\":\"1px\",\"radius\":\"5px\"},\"spacing\":{\"padding\":{\"top\":\"var:preset|spacing|20\",\"bottom\":\"var:preset|spacing|20\",\"left\":\"var:preset|spacing|20\",\"right\":\"var:preset|spacing|20\"}}},\"backgroundColor\":\"tertiary\",\"layout\":{\"type\":\"constrained\"}} --><\/p>\n<div class=\"wp-block-column has-tertiary-background-color has-background\" style=\"border-width: 1px; border-radius: 5px; padding: var(--wp--preset--spacing--20);\">\n<p><!-- wp:paragraph {\"align\":\"center\",\"style\":{\"typography\":{\"fontSize\":\"24px\"},\"color\":{\"text\":\"#000000bd\"},\"elements\":{\"link\":{\"color\":{\"text\":\"#000000bd\"}}},\"spacing\":{\"padding\":{\"top\":\"var:preset|spacing|20\",\"bottom\":\"var:preset|spacing|20\",\"left\":\"var:preset|spacing|20\",\"right\":\"var:preset|spacing|20\"}}},\"backgroundColor\":\"cyan-bluish-gray\"} --><\/p>\n<p class=\"has-text-align-center has-cyan-bluish-gray-background-color has-text-color has-background has-link-color\" style=\"color: #000000bd; font-size: 24px; padding: var(--wp--preset--spacing--20);\">330 elever och barn<\/p>\n<p><!-- \/wp:paragraph --><!-- wp:paragraph {\"align\":\"center\",\"style\":{\"typography\":{\"fontSize\":\"18px\"},\"color\":{\"text\":\"#000000bd\"},\"elements\":{\"link\":{\"color\":{\"text\":\"#000000bd\"}}}}} --><\/p>\n<p class=\"has-text-align-center has-text-color has-link-color\" style=\"color: #000000bd; font-size: 18px;\">F\u00f6rskola och grundskola<\/p>\n<p><!-- \/wp:paragraph --><\/p>\n<\/div>\n<p><!-- \/wp:column --><!-- wp:column {\"style\":{\"border\":{\"width\":\"1px\",\"radius\":\"5px\"},\"spacing\":{\"padding\":{\"top\":\"var:preset|spacing|20\",\"bottom\":\"var:preset|spacing|20\",\"left\":\"var:preset|spacing|20\",\"right\":\"var:preset|spacing|20\"}}},\"backgroundColor\":\"tertiary\",\"layout\":{\"type\":\"constrained\"}} --><\/p>\n<div class=\"wp-block-column has-tertiary-background-color has-background\" style=\"border-width: 1px; border-radius: 5px; padding: var(--wp--preset--spacing--20);\">\n<p><!-- wp:paragraph {\"align\":\"center\",\"style\":{\"typography\":{\"fontSize\":\"24px\"},\"elements\":{\"link\":{\"color\":{\"text\":\"#000000bd\"}}},\"color\":{\"text\":\"#000000bd\"},\"spacing\":{\"padding\":{\"top\":\"var:preset|spacing|20\",\"bottom\":\"var:preset|spacing|20\",\"left\":\"var:preset|spacing|20\",\"right\":\"var:preset|spacing|20\"}}},\"backgroundColor\":\"cyan-bluish-gray\"} --><\/p>\n<p class=\"has-text-align-center has-cyan-bluish-gray-background-color has-text-color has-background has-link-color\" style=\"color: #000000bd; font-size: 24px; padding: var(--wp--preset--spacing--20);\">2006 startades skolan<\/p>\n<p><!-- \/wp:paragraph --><!-- wp:paragraph {\"align\":\"center\",\"style\":{\"typography\":{\"fontSize\":\"18px\"},\"color\":{\"text\":\"#000000bd\"},\"elements\":{\"link\":{\"color\":{\"text\":\"#000000bd\"}}}}} --><\/p>\n<p class=\"has-text-align-center has-text-color has-link-color\" style=\"color: #000000bd; font-size: 18px;\">20 \u00e5r av erfarenhet<\/p>\n<\/div>\n<\/div>\n<p><!-- \/wp:image --><!-- wp:spacer {\"height\":\"26px\"} --><\/p>\n<p><!-- \/wp:spacer --><!-- wp:quote {\"className\":\"is-style-plain\",\"style\":{\"spacing\":{\"padding\":{\"right\":\"0\",\"left\":\"0\",\"top\":\"0\",\"bottom\":\"0\"},\"margin\":{\"right\":\"0\",\"left\":\"0\",\"top\":\"0\",\"bottom\":\"0\"}}}} --><\/p>\n<blockquote class=\"wp-block-quote is-style-plain\" style=\"padding: 0; margin: 0;\">\n<p><!-- wp:paragraph {\"align\":\"center\",\"style\":{\"spacing\":{\"margin\":{\"right\":\"0\",\"left\":\"0\"}}}} --><\/p>\n<p class=\"has-text-align-center\" style=\"margin-right: 0; margin-left: 0;\">Barseb\u00e4cks Montessori \u00e4r en personlig skola med en h\u00f6g kunskapsniv\u00e5. En skola d\u00e4r elever, l\u00e4rare och f\u00f6r\u00e4ldrar \u00e4r delaktiga och k\u00e4nner ansvar. Vi s\u00e4tter utbildning i ett st\u00f6rre sammanhang.<\/p>\n<p><!-- \/wp:paragraph --><\/p>\n<\/blockquote>\n<p><!-- \/wp:quote --><!-- wp:spacer {\"height\":\"22px\"} --><\/p>\n<div class=\"wp-block-spacer\" style=\"height: 22px;\" aria-hidden=\"true\">\u00a0<\/div>\n<p><!-- \/wp:spacer --><!-- wp:paragraph {\"align\":\"center\",\"style\":{\"elements\":{\"link\":{\"color\":{\"text\":\"var:preset|color|vivid-cyan-blue\"}}}},\"textColor\":\"vivid-cyan-blue\"} --><\/p>\n<p class=\"has-text-align-center has-vivid-cyan-blue-color has-text-color has-link-color\"><strong>Nyfiken p\u00e5 v\u00e5r skola?<\/strong><br \/><a href=\"https:\/\/www.barsebacks-montessori.se\/port\/koanmalan\/\"><u>V\u00e4lkommen att boka ett bes\u00f6k eller st\u00e4ll ditt barn i k\u00f6<\/u><\/a><\/p>\n<p><!-- \/wp:paragraph --><!-- wp:paragraph {\"align\":\"center\"} --><\/p>\n<p class=\"has-text-align-center\">\u00a0<\/p>\n<p><!-- \/wp:paragraph --><!-- wp:spacer {\"height\":\"17px\"} --><\/p>\n<div class=\"wp-block-spacer\" style=\"height: 17px;\" aria-hidden=\"true\">\u00a0<\/div>\n<p><!-- \/wp:spacer --><\/p>\t\t\t\t\t\t\t\t<\/div>\n\t\t\t\t<\/div>\n\t\t\t\t<div class=\"elementor-element elementor-element-537427e elementor-widget elementor-widget-image\" data-id=\"537427e\" data-element_type=\"widget\" data-widget_type=\"image.default\">\n\t\t\t\t<div class=\"elementor-widget-container\">\n\t\t\t\t\t\t\t\t\t\t\t\t\t\t\t<img fetchpriority=\"high\" decoding=\"async\" width=\"300\" height=\"200\" src=\"https:\/\/barsebacks-montessori.se\/port\/wp-content\/uploads\/2020\/08\/Barseb\u00e4ckMontessori-78-300x200.jpg\" class=\"attachment-medium size-medium wp-image-2745\" alt=\"\" srcset=\"http:\/\/barsebacks-montessori.se\/port\/wp-content\/uploads\/2020\/08\/Barseb\u00e4ckMontessori-78-300x200.jpg 300w, http:\/\/barsebacks-montessori.se\/port\/wp-content\/uploads\/2020\/08\/Barseb\u00e4ckMontessori-78-768x512.jpg 768w, http:\/\/barsebacks-montessori.se\/port\/wp-content\/uploads\/2020\/08\/Barseb\u00e4ckMontessori-78-1024x683.jpg 1024w, http:\/\/barsebacks-montessori.se\/port\/wp-content\/uploads\/2020\/08\/Barseb\u00e4ckMontessori-78-450x300.jpg 450w, http:\/\/barsebacks-montessori.se\/port\/wp-content\/uploads\/2020\/08\/Barseb\u00e4ckMontessori-78.jpg 2048w\" sizes=\"(max-width: 300px) 100vw, 300px\" \/>\t\t\t\t\t\t\t\t\t\t\t\t\t\t\t<\/div>\n\t\t\t\t<\/div>\n\t\t\t\t\t<\/div>\n\t\t<\/div>\n\t\t\t\t\t<\/div>\n\t\t<\/section>\n\t\t\t\t<section class=\"elementor-section elementor-top-section elementor-element elementor-element-03db523 elementor-section-boxed elementor-section-height-default elementor-section-height-default\" data-id=\"03db523\" data-element_type=\"section\">\n\t\t\t\t\t\t<div class=\"elementor-container elementor-column-gap-default\">\n\t\t\t\t\t<div class=\"elementor-column elementor-col-100 elementor-top-column elementor-element elementor-element-7e9dfb8\" data-id=\"7e9dfb8\" data-element_type=\"column\">\n\t\t\t<div class=\"elementor-widget-wrap elementor-element-populated\">\n\t\t\t\t\t\t<div class=\"elementor-element elementor-element-2c3f95d elementor-widget elementor-widget-text-editor\" data-id=\"2c3f95d\" data-element_type=\"widget\" data-widget_type=\"text-editor.default\">\n\t\t\t\t<div class=\"elementor-widget-container\">\n\t\t\t\t\t\t\t\t\t<p style=\"text-align: center;\"><em style=\"white-space-collapse: preserve; color: #37362f; font-family: 'TT Commons Pro', Arial, Helvetica, sans-serif; font-size: 12px; background-color: #fffef5;\">V\u00e5ra skolor deltar i EU:s skolprogram, med ekonomiskt bidrag fr\u00e5n Europeiska gemenskapen.<\/em><\/p>\t\t\t\t\t\t\t\t<\/div>\n\t\t\t\t<\/div>\n\t\t\t\t<div class=\"elementor-element elementor-element-065f096 elementor-widget elementor-widget-image\" data-id=\"065f096\" data-element_type=\"widget\" data-widget_type=\"image.default\">\n\t\t\t\t<div class=\"elementor-widget-container\">\n\t\t\t\t\t\t\t\t\t\t\t\t\t\t\t<img decoding=\"async\" width=\"290\" height=\"290\" src=\"https:\/\/barsebacks-montessori.se\/port\/wp-content\/uploads\/2025\/09\/SV-V-Medfinansieras-av-Europeiska-unionen_POS-290x290.jpg\" class=\"attachment-thumbnail size-thumbnail wp-image-4331\" alt=\"\" \/>\t\t\t\t\t\t\t\t\t\t\t\t\t\t\t<\/div>\n\t\t\t\t<\/div>\n\t\t\t\t\t<\/div>\n\t\t<\/div>\n\t\t\t\t\t<\/div>\n\t\t<\/section>\n\t\t\t\t<section class=\"elementor-section elementor-top-section elementor-element elementor-element-9e07460 elementor-section-boxed elementor-section-height-default elementor-section-height-default\" data-id=\"9e07460\" data-element_type=\"section\">\n\t\t\t\t\t\t<div class=\"elementor-container elementor-column-gap-default\">\n\t\t\t\t\t<div class=\"elementor-column elementor-col-100 elementor-top-column elementor-element elementor-element-5420dc2\" data-id=\"5420dc2\" data-element_type=\"column\">\n\t\t\t<div class=\"elementor-widget-wrap\">\n\t\t\t\t\t\t\t<\/div>\n\t\t<\/div>\n\t\t\t\t\t<\/div>\n\t\t<\/section>\n\t\t\t\t<\/div>\n\t\t","protected":false},"excerpt":{"rendered":"<p>\u00a0 V\u00e4lkommen till den personliga skolan med den h\u00f6ga kunskapsniv\u00e5n \u00a0 Barseb\u00e4cks Montessori \u00e4r en friskola med ca 330 elever i f\u00f6rskola, grundskola och fritids.V\u00e5rt arbetss\u00e4tt f\u00f6ljer barnet genom hela skoltiden, fr\u00e5n yngrebarnsavdelningarna i f\u00f6rskolan till \u00e5rskurs nio.Med utg\u00e5ngspunkt i varje elevs individuella f\u00f6ruts\u00e4ttningar ser vi till att alla utvecklas och utmanas f\u00f6r att g\u00f6ra [&hellip;]<\/p>\n","protected":false},"author":4,"featured_media":396,"parent":0,"menu_order":1,"comment_status":"closed","ping_status":"closed","template":"","meta":{"footnotes":""},"class_list":["post-5","page","type-page","status-publish","has-post-thumbnail","hentry"],"_links":{"self":[{"href":"https:\/\/www.barsebacks-montessori.se\/port\/wp-json\/wp\/v2\/pages\/5","targetHints":{"allow":["GET"]}}],"collection":[{"href":"https:\/\/www.barsebacks-montessori.se\/port\/wp-json\/wp\/v2\/pages"}],"about":[{"href":"https:\/\/www.barsebacks-montessori.se\/port\/wp-json\/wp\/v2\/types\/page"}],"author":[{"embeddable":true,"href":"https:\/\/www.barsebacks-montessori.se\/port\/wp-json\/wp\/v2\/users\/4"}],"replies":[{"embeddable":true,"href":"https:\/\/www.barsebacks-montessori.se\/port\/wp-json\/wp\/v2\/comments?post=5"}],"version-history":[{"count":192,"href":"https:\/\/www.barsebacks-montessori.se\/port\/wp-json\/wp\/v2\/pages\/5\/revisions"}],"predecessor-version":[{"id":4395,"href":"https:\/\/www.barsebacks-montessori.se\/port\/wp-json\/wp\/v2\/pages\/5\/revisions\/4395"}],"wp:featuredmedia":[{"embeddable":true,"href":"https:\/\/www.barsebacks-montessori.se\/port\/wp-json\/wp\/v2\/media\/396"}],"wp:attachment":[{"href":"https:\/\/www.barsebacks-montessori.se\/port\/wp-json\/wp\/v2\/media?parent=5"}],"curies":[{"name":"wp","href":"https:\/\/api.w.org\/{rel}","templated":true}]}}