{"id":3491,"date":"2023-01-17T11:21:40","date_gmt":"2023-01-17T10:21:40","guid":{"rendered":"http:\/\/www.barsebacks-montessori.se\/port\/?page_id=3491"},"modified":"2025-04-01T11:03:18","modified_gmt":"2025-04-01T09:03:18","slug":"gdpr","status":"publish","type":"page","link":"https:\/\/www.barsebacks-montessori.se\/port\/gdpr\/","title":{"rendered":"gdpr"},"content":{"rendered":"\n<div style=\"height:32px\" aria-hidden=\"true\" class=\"wp-block-spacer\"><\/div>\n\n\n\n<h4 class=\"wp-block-heading has-text-color\" style=\"color:#8b0000\">GDPR<\/h4>\n\n\n\n<p><strong class=\"has-text-color\" style=\"color:#8b0000\">Information om Barseb\u00e4cks Montessori&nbsp; personuppgiftsbehandling<\/strong><br \/><span style=\"font-weight: 400;\">I anledning av att den nya datasskyddsf\u00f6rordningen \u00b9<\/span><span style=\"font-weight: 400;\">b\u00f6rjar g\u00e4lla den 25 maj 2018 vill Barseb\u00e4cks&nbsp; Montessori Ekonomisk F\u00f6rening (f\u00f6reningen) informera dig som v\u00e5rdnadshavare och\/eller medlem om den personuppgiftsbehandling som sker och de r\u00e4ttigheter som f\u00f6ljer n\u00e4r dina och ditt barns personuppgifter registreras eller p\u00e5 annat s\u00e4tt behandlas.<\/span><\/p>\n\n\n\n<p><span style=\"font-weight: 400;\">F\u00f6reningen \u00e4r personuppgiftsansvarig f\u00f6r behandlingen av dina och ditt barns personuppgifter och&nbsp; har d\u00e4rf\u00f6r ansvar f\u00f6r att behandlingen sker enligt lag. Du kan komma i kontakt med&nbsp; personuppgiftsansvarig genom att kontakta skolans rektor.&nbsp;&nbsp;<\/span><\/p>\n\n\n\n<p><strong class=\"has-text-color\" style=\"color:#8b0000\">\u00c4ndam\u00e5l med behandlingen&nbsp;<\/strong><br \/><span style=\"font-weight: 400;\">Behandling av dina och ditt barns personuppgifter \u00e4r n\u00f6dv\u00e4ndig f\u00f6r att f\u00f6reningen ska kunna&nbsp; fullg\u00f6ra sitt uppdrag att bedriva f\u00f6rskola, skola och fritidsverksamhet enligt skollagen (2010:800)&nbsp; med anslutande f\u00f6reskrifter samt f\u00f6r att sk\u00f6ta medlemsadministration. F\u00f6reningen har behov av&nbsp; att behandla dina personuppgifter i syfte att kunna komma i kontakt med dig som v\u00e5rdnadshavare. De personuppgifter om dig som vi behandlar \u00e4r bl.a. namn, personnummer, adress, e-postadress&nbsp; och telefonnummer. Avseende eleverna behandlas personuppgifter som ett n\u00f6dv\u00e4ndigt led i&nbsp; verksamheten, bl.a. uppgifter om elevernas skolarbete och skolresultat, och inom ramen f\u00f6r&nbsp; skolh\u00e4lsov\u00e5rden behandlas h\u00e4lsouppgifter. F\u00f6r att det ska vara till\u00e5tet att behandla&nbsp; personuppgifter m\u00e5ste det alltid finnas r\u00e4ttsligt st\u00f6d f\u00f6r behandlingen. F\u00f6reningen behandlar d\u00e4rf\u00f6r&nbsp; dina personuppgifter i enlighet med dataskyddsf\u00f6rordningen och dataskyddslagen<\/span><span style=\"font-weight: 400;\">\u00b2<\/span><span style=\"font-weight: 400;\">. Om dina eller ditt barns personuppgifter behandlas med st\u00f6d av att du gett samtycke till behandlingen kan du&nbsp; n\u00e4r som helst \u00e5terkalla detta samtycke och d\u00e5 upph\u00f6r behandlingen.&nbsp;&nbsp;<\/span><\/p>\n\n\n\n<p><strong class=\"has-text-color\" style=\"color:#8b0000\">Behandlingen&nbsp;<\/strong><br \/><span style=\"font-weight: 400;\">Dina personuppgifter kommer att behandlas automatiskt i f\u00f6reningens IT-system. Dina och ditt&nbsp; barns personuppgifter kan ocks\u00e5 komma att l\u00e4mnas ut till andra f\u00f6retag eller organisationer som&nbsp; f\u00f6reningen samarbetar med, t.ex. Infomentor, f\u00f6r n\u00f6dv\u00e4ndig behandling av uppgifter f\u00f6r&nbsp; f\u00f6reningens r\u00e4kning (personuppgiftsbitr\u00e4den). Vi har tecknat personuppgiftsbitr\u00e4desavtal med&nbsp; personuppgiftsbitr\u00e4dena f\u00f6r att f\u00f6rs\u00e4kra oss om att personuppgifterna endast behandlas i enlighet med f\u00f6reningens instruktion samt lagenligt, s\u00e4kert och konfidentiellt. Vid all hantering av dina personuppgifter iakttas alltid st\u00f6rsta s\u00e4kerhet och sekretess.&nbsp;&nbsp;<\/span><\/p>\n\n\n\n<p><span style=\"font-weight: 400;\">1 Europaparlamentets och r\u00e5dets f\u00f6rordning (EU) 2016\/679 av den 27 april 2016 om skydd f\u00f6r fysiska personer med avseende p\u00e5 behandling av&nbsp; personuppgifter och om det fria fl\u00f6det av s\u00e5dana uppgifter och om upph\u00e4vande av direktiv 95\/46\/EG (allm\u00e4n dataskyddsf\u00f6rordning) <\/span><\/p>\n\n\n\n<p><span style=\"font-weight: 400;\">2 Lagen (2018:218) med kompletterande best\u00e4mmelser till EU:s dataskyddsf\u00f6rordning.<\/span><\/p>\n\n\n\n<p><strong class=\"has-text-color\" style=\"color:#8b0000\">Lagringstiden&nbsp;<\/strong><br \/><span style=\"font-weight: 400;\">F\u00f6reningen behandlar dina och ditt barns personuppgifter s\u00e5 l\u00e4nge ditt barn deltar i verksamheten&nbsp; alternativt du \u00e4r medlem i f\u00f6reningen. N\u00e4r ditt barn inte l\u00e4ngre deltar i verksamheten eller ditt&nbsp; medlemskap upph\u00f6r kommer dina och ditt barns personuppgifter att raderas. F\u00f6reningen kommer d\u00e5 endast att forts\u00e4tta lagra dem om det f\u00f6ljer av skyldighet enligt lag eller f\u00f6rordning.&nbsp;&nbsp;<\/span><\/p>\n\n\n\n<p><strong class=\"has-text-color\" style=\"color:#8b0000\">Dina r\u00e4ttigheter&nbsp;<\/strong><br \/><span style=\"font-weight: 400;\">Du har r\u00e4tt att beg\u00e4ra tillg\u00e5ng till dina och ditt barns personuppgifter genom att beg\u00e4ra ett registerutdrag. Under vissa f\u00f6ruts\u00e4ttningar har du ocks\u00e5 r\u00e4tt att beg\u00e4ra att&nbsp; personuppgiftsbehandlingen begr\u00e4nsas, att dina eller ditt barns personuppgifter r\u00e4ttas eller&nbsp; raderas, eller att inv\u00e4nda mot behandlingen. En beg\u00e4ran om n\u00e5got av det n\u00e4mnda kan skickas till&nbsp; skolans rektor. Du har ocks\u00e5 r\u00e4tt att v\u00e4nda dig till Integritetsskyddsmyndigheten med eventuella&nbsp; klagom\u00e5l om du \u00e4r missn\u00f6jd med personuppgiftsbehandlingen. F\u00f6reningen \u00f6nskar dock att du i&nbsp; f\u00f6rsta hand v\u00e4nder dig till f\u00f6reningen f\u00f6r fr\u00e5gor om eller synpunkter p\u00e5&nbsp;<\/span><span style=\"font-weight: 400;\">personuppgiftsbehandlingen.&nbsp;<\/span><\/p>\n","protected":false},"excerpt":{"rendered":"<p>GDPR Information om Barseb\u00e4cks Montessori&nbsp; personuppgiftsbehandlingI anledning av att den nya datasskyddsf\u00f6rordningen \u00b9b\u00f6rjar g\u00e4lla den 25 maj 2018 vill Barseb\u00e4cks&nbsp; Montessori Ekonomisk F\u00f6rening (f\u00f6reningen) informera dig som v\u00e5rdnadshavare och\/eller medlem om den personuppgiftsbehandling som sker och de r\u00e4ttigheter som f\u00f6ljer n\u00e4r dina och ditt barns personuppgifter registreras eller p\u00e5 annat s\u00e4tt behandlas. F\u00f6reningen \u00e4r personuppgiftsansvarig [&hellip;]<\/p>\n","protected":false},"author":4,"featured_media":0,"parent":0,"menu_order":0,"comment_status":"closed","ping_status":"closed","template":"","meta":{"footnotes":""},"class_list":["post-3491","page","type-page","status-publish","hentry"],"_links":{"self":[{"href":"https:\/\/www.barsebacks-montessori.se\/port\/wp-json\/wp\/v2\/pages\/3491","targetHints":{"allow":["GET"]}}],"collection":[{"href":"https:\/\/www.barsebacks-montessori.se\/port\/wp-json\/wp\/v2\/pages"}],"about":[{"href":"https:\/\/www.barsebacks-montessori.se\/port\/wp-json\/wp\/v2\/types\/page"}],"author":[{"embeddable":true,"href":"https:\/\/www.barsebacks-montessori.se\/port\/wp-json\/wp\/v2\/users\/4"}],"replies":[{"embeddable":true,"href":"https:\/\/www.barsebacks-montessori.se\/port\/wp-json\/wp\/v2\/comments?post=3491"}],"version-history":[{"count":14,"href":"https:\/\/www.barsebacks-montessori.se\/port\/wp-json\/wp\/v2\/pages\/3491\/revisions"}],"predecessor-version":[{"id":4009,"href":"https:\/\/www.barsebacks-montessori.se\/port\/wp-json\/wp\/v2\/pages\/3491\/revisions\/4009"}],"wp:attachment":[{"href":"https:\/\/www.barsebacks-montessori.se\/port\/wp-json\/wp\/v2\/media?parent=3491"}],"curies":[{"name":"wp","href":"https:\/\/api.w.org\/{rel}","templated":true}]}}