{"id":153,"date":"2011-08-11T17:49:40","date_gmt":"2011-08-11T15:49:40","guid":{"rendered":"http:\/\/109.73.165.49\/~barsebac\/port\/?page_id=153"},"modified":"2025-04-01T11:02:53","modified_gmt":"2025-04-01T09:02:53","slug":"jobba-hos-oss","status":"publish","type":"page","link":"https:\/\/www.barsebacks-montessori.se\/port\/kontakta-oss\/jobba-hos-oss\/","title":{"rendered":"jobba-hos-oss"},"content":{"rendered":"\n<div style=\"height:32px\" aria-hidden=\"true\" class=\"wp-block-spacer\"><\/div>\n\n\n\n<h4 class=\"wp-block-heading has-text-color\" style=\"color:#8b0000\">Jobba hos oss<\/h4>\n\n\n\n<p>Att driva en f\u00f6rskola och grundskola av h\u00f6g kvalitet kr\u00e4ver kompetenta medarbetare, och d\u00e4rf\u00f6r \u00e4r personalen mycket viktig f\u00f6r oss. Vi \u00e4r alltid intresserade av engagerade m\u00e4nniskor som brinner f\u00f6r sin uppgift och delar v\u00e5ra v\u00e4rderingar.<\/p>\n\n\n\n<p>Vi tar g\u00e4rna emot och sparar alltid spontana ans\u00f6kningar. Skicka ett personligt brev och din meritf\u00f6rteckning till <a href=\"&#x6d;&#97;&#105;&#x6c;&#x74;&#111;&#58;&#x72;&#x65;&#107;&#116;&#x6f;&#x72;&#64;&#98;&#x61;&#x72;&#115;&#101;&#x62;&#x61;&#99;&#107;&#x73;&#x2d;&#109;&#111;&#x6e;&#x74;&#101;&#115;&#x73;&#x6f;&#114;&#105;&#x2e;&#x73;&#101;\">&#x72;&#x65;&#x6b;&#x74;&#x6f;&#x72;&#x40;&#98;&#97;&#114;&#115;&#101;back&#x73;&#x2d;&#x6d;&#x6f;&#x6e;&#x74;&#x65;&#x73;&#115;&#111;&#114;&#105;&#46;se<\/a><\/p>\n","protected":false},"excerpt":{"rendered":"<p>Jobba hos oss Att driva en f\u00f6rskola och grundskola av h\u00f6g kvalitet kr\u00e4ver kompetenta medarbetare, och d\u00e4rf\u00f6r \u00e4r personalen mycket viktig f\u00f6r oss. Vi \u00e4r alltid intresserade av engagerade m\u00e4nniskor som brinner f\u00f6r sin uppgift och delar v\u00e5ra v\u00e4rderingar. Vi tar g\u00e4rna emot och sparar alltid spontana ans\u00f6kningar. Skicka ett personligt brev och din meritf\u00f6rteckning [&hellip;]<\/p>\n","protected":false},"author":4,"featured_media":0,"parent":65,"menu_order":1,"comment_status":"closed","ping_status":"closed","template":"","meta":{"footnotes":""},"class_list":["post-153","page","type-page","status-publish","hentry"],"_links":{"self":[{"href":"https:\/\/www.barsebacks-montessori.se\/port\/wp-json\/wp\/v2\/pages\/153","targetHints":{"allow":["GET"]}}],"collection":[{"href":"https:\/\/www.barsebacks-montessori.se\/port\/wp-json\/wp\/v2\/pages"}],"about":[{"href":"https:\/\/www.barsebacks-montessori.se\/port\/wp-json\/wp\/v2\/types\/page"}],"author":[{"embeddable":true,"href":"https:\/\/www.barsebacks-montessori.se\/port\/wp-json\/wp\/v2\/users\/4"}],"replies":[{"embeddable":true,"href":"https:\/\/www.barsebacks-montessori.se\/port\/wp-json\/wp\/v2\/comments?post=153"}],"version-history":[{"count":12,"href":"https:\/\/www.barsebacks-montessori.se\/port\/wp-json\/wp\/v2\/pages\/153\/revisions"}],"predecessor-version":[{"id":4008,"href":"https:\/\/www.barsebacks-montessori.se\/port\/wp-json\/wp\/v2\/pages\/153\/revisions\/4008"}],"up":[{"embeddable":true,"href":"https:\/\/www.barsebacks-montessori.se\/port\/wp-json\/wp\/v2\/pages\/65"}],"wp:attachment":[{"href":"https:\/\/www.barsebacks-montessori.se\/port\/wp-json\/wp\/v2\/media?parent=153"}],"curies":[{"name":"wp","href":"https:\/\/api.w.org\/{rel}","templated":true}]}}